{"id":6892,"date":"2024-10-17T07:24:11","date_gmt":"2024-10-17T07:24:11","guid":{"rendered":"https:\/\/staging.moguntia.com\/bruehwuerfel\/"},"modified":"2026-02-18T12:26:35","modified_gmt":"2026-02-18T12:26:35","slug":"bruehwuerfel","status":"publish","type":"page","link":"https:\/\/dev.moguntia.com\/de\/bruehwuerfel\/","title":{"rendered":"Br\u00fchw\u00fcrfel"},"content":{"rendered":"\t\t<div data-elementor-type=\"wp-page\" data-elementor-id=\"6892\" class=\"elementor elementor-6892 elementor-1873\" data-elementor-post-type=\"page\">\n\t\t\t\t<div class=\"elementor-element elementor-element-6a690016 e-flex e-con-boxed e-con e-parent\" data-id=\"6a690016\" data-element_type=\"container\" data-e-type=\"container\" data-settings=\"{&quot;background_background&quot;:&quot;classic&quot;,&quot;jet_parallax_layout_list&quot;:[]}\">\n\t\t\t\t\t<div class=\"e-con-inner\">\n\t\t\t\t<div class=\"elementor-element elementor-element-7afcf4d1 elementor-widget elementor-widget-elementskit-heading\" data-id=\"7afcf4d1\" data-element_type=\"widget\" data-e-type=\"widget\" data-widget_type=\"elementskit-heading.default\">\n\t\t\t\t<div class=\"elementor-widget-container\">\n\t\t\t\t\t<div class=\"ekit-wid-con\" ><div class=\"ekit-heading elementskit-section-title-wraper text_center   ekit_heading_tablet-text_center   ekit_heading_mobile-text_center\"><h2 class=\"ekit-heading--title elementskit-section-title \">Br\u00fchw\u00fcrfel<\/h2><h3 class=\"ekit-heading--subtitle elementskit-section-subtitle  \">\n\t\t\t\t\t\tVielseitig. Praktisch. Einfach.\n\t\t\t\t\t<\/h3><\/div><\/div>\t\t\t\t<\/div>\n\t\t\t\t<\/div>\n\t\t\t\t\t<\/div>\n\t\t\t\t<\/div>\n\t\t<div class=\"elementor-element elementor-element-7c7095d2 e-flex e-con-boxed e-con e-parent\" data-id=\"7c7095d2\" data-element_type=\"container\" data-e-type=\"container\" data-settings=\"{&quot;background_background&quot;:&quot;classic&quot;,&quot;jet_parallax_layout_list&quot;:[]}\">\n\t\t\t\t\t<div class=\"e-con-inner\">\n\t\t<div class=\"elementor-element elementor-element-115d97ba e-con-full e-flex e-con e-child\" data-id=\"115d97ba\" data-element_type=\"container\" data-e-type=\"container\" data-settings=\"{&quot;jet_parallax_layout_list&quot;:[]}\">\n\t\t\t\t<div class=\"elementor-element elementor-element-4a253c27 elementor-widget elementor-widget-heading\" data-id=\"4a253c27\" data-element_type=\"widget\" data-e-type=\"widget\" data-widget_type=\"heading.default\">\n\t\t\t\t<div class=\"elementor-widget-container\">\n\t\t\t\t\t<h5 class=\"elementor-heading-title elementor-size-default\">Kochen mit ultimativem Geschmack<\/h5>\t\t\t\t<\/div>\n\t\t\t\t<\/div>\n\t\t\t\t<div class=\"elementor-element elementor-element-63533c10 elementor-widget-divider--view-line elementor-widget elementor-widget-divider\" data-id=\"63533c10\" data-element_type=\"widget\" data-e-type=\"widget\" data-widget_type=\"divider.default\">\n\t\t\t\t<div class=\"elementor-widget-container\">\n\t\t\t\t\t\t\t<div class=\"elementor-divider\">\n\t\t\t<span class=\"elementor-divider-separator\">\n\t\t\t\t\t\t<\/span>\n\t\t<\/div>\n\t\t\t\t\t\t<\/div>\n\t\t\t\t<\/div>\n\t\t\t\t<div class=\"elementor-element elementor-element-20a0149f elementor-widget elementor-widget-elementskit-heading\" data-id=\"20a0149f\" data-element_type=\"widget\" data-e-type=\"widget\" data-widget_type=\"elementskit-heading.default\">\n\t\t\t\t<div class=\"elementor-widget-container\">\n\t\t\t\t\t<div class=\"ekit-wid-con\" ><div class=\"ekit-heading elementskit-section-title-wraper text_left   ekit_heading_tablet-text_center   ekit_heading_mobile-text_center\"><h2 class=\"ekit-heading--title elementskit-section-title \">Unsere <span>Br\u00fchw\u00fcrfel<\/span><\/h2>\t\t\t\t<div class='ekit-heading__description'>\n\t\t\t\t\t<p>Die MOGUNTIA FOOD GROUP entwickelt hochwertige Br\u00fchw\u00fcrfel mit einer perfekt abgestimmten Kombination ausgew\u00e4hlter Zutaten, die f\u00fcr einen intensiven, nat\u00fcrlichen und vollmundigen Geschmack sorgen.<\/p>\n<p>Unsere vielseitig einsetzbaren Br\u00fchw\u00fcrfel verfeinern Suppen, Saucen sowie Reis- und Nudelgerichte und sorgen bereits in kleiner Dosierung f\u00fcr ein kr\u00e4ftiges Aroma und eine ausgewogene W\u00fcrze.<\/p>\n<p>Erh\u00e4ltlich in Geschmacksrichtungen wie Gefl\u00fcgel, Rind und Gem\u00fcse; dar\u00fcber hinaus entwickeln wir ma\u00dfgeschneiderte Geschmacksvarianten.<\/p>\n\t\t\t\t<\/div>\n\t\t\t<\/div><\/div>\t\t\t\t<\/div>\n\t\t\t\t<\/div>\n\t\t\t\t<\/div>\n\t\t<div class=\"elementor-element elementor-element-4c156e5f e-con-full e-flex e-con e-child\" data-id=\"4c156e5f\" data-element_type=\"container\" data-e-type=\"container\" data-settings=\"{&quot;jet_parallax_layout_list&quot;:[]}\">\n\t\t\t\t<div class=\"elementor-element elementor-element-5b3032c6 elementor-widget elementor-widget-image\" data-id=\"5b3032c6\" data-element_type=\"widget\" data-e-type=\"widget\" data-widget_type=\"image.default\">\n\t\t\t\t<div class=\"elementor-widget-container\">\n\t\t\t\t\t\t\t\t\t\t\t\t\t\t\t<img fetchpriority=\"high\" decoding=\"async\" width=\"650\" height=\"650\" src=\"https:\/\/dev.moguntia.com\/wp-content\/uploads\/2026\/02\/stock-cubes-beef-650x650-1.jpg\" class=\"attachment-large size-large wp-image-8151\" alt=\"\" srcset=\"https:\/\/dev.moguntia.com\/wp-content\/uploads\/2026\/02\/stock-cubes-beef-650x650-1.jpg 650w, https:\/\/dev.moguntia.com\/wp-content\/uploads\/2026\/02\/stock-cubes-beef-650x650-1-300x300.jpg 300w, https:\/\/dev.moguntia.com\/wp-content\/uploads\/2026\/02\/stock-cubes-beef-650x650-1-150x150.jpg 150w\" sizes=\"(max-width: 650px) 100vw, 650px\" \/>\t\t\t\t\t\t\t\t\t\t\t\t\t\t\t<\/div>\n\t\t\t\t<\/div>\n\t\t\t\t<\/div>\n\t\t\t\t\t<\/div>\n\t\t\t\t<\/div>\n\t\t\t\t<section class=\"elementor-section elementor-top-section elementor-element elementor-element-137ea798 elementor-section-full_width elementor-section-height-default elementor-section-height-default\" data-id=\"137ea798\" data-element_type=\"section\" data-e-type=\"section\" data-settings=\"{&quot;background_background&quot;:&quot;classic&quot;,&quot;jet_parallax_layout_list&quot;:[]}\">\n\t\t\t\t\t\t\t<div class=\"elementor-background-overlay\"><\/div>\n\t\t\t\t\t\t\t<div class=\"elementor-container elementor-column-gap-no\">\n\t\t\t\t\t<div class=\"elementor-column elementor-col-100 elementor-top-column elementor-element elementor-element-2bd22580\" data-id=\"2bd22580\" data-element_type=\"column\" data-e-type=\"column\">\n\t\t\t<div class=\"elementor-widget-wrap elementor-element-populated\">\n\t\t\t\t\t\t<div class=\"elementor-element elementor-element-10315bc5 elementor-widget elementor-widget-elementskit-heading\" data-id=\"10315bc5\" data-element_type=\"widget\" data-e-type=\"widget\" data-widget_type=\"elementskit-heading.default\">\n\t\t\t\t<div class=\"elementor-widget-container\">\n\t\t\t\t\t<div class=\"ekit-wid-con\" ><div class=\"ekit-heading elementskit-section-title-wraper text_center   ekit_heading_tablet-   ekit_heading_mobile-text_center\"><h2 class=\"ekit-heading--title elementskit-section-title \">Produkte <span>unseres Sortiments<\/span><\/h2><\/div><\/div>\t\t\t\t<\/div>\n\t\t\t\t<\/div>\n\t\t\t\t<div class=\"elementor-element elementor-element-3fc516d elementor-widget elementor-widget-spacer\" data-id=\"3fc516d\" data-element_type=\"widget\" data-e-type=\"widget\" data-widget_type=\"spacer.default\">\n\t\t\t\t<div class=\"elementor-widget-container\">\n\t\t\t\t\t\t\t<div class=\"elementor-spacer\">\n\t\t\t<div class=\"elementor-spacer-inner\"><\/div>\n\t\t<\/div>\n\t\t\t\t\t\t<\/div>\n\t\t\t\t<\/div>\n\t\t\t\t<section class=\"elementor-section elementor-inner-section elementor-element elementor-element-2d39a5aa elementor-section-content-middle elementor-section-boxed elementor-section-height-default elementor-section-height-default\" data-id=\"2d39a5aa\" data-element_type=\"section\" data-e-type=\"section\" data-settings=\"{&quot;jet_parallax_layout_list&quot;:[]}\">\n\t\t\t\t\t\t<div class=\"elementor-container elementor-column-gap-default\">\n\t\t\t\t\t<div class=\"elementor-column elementor-col-25 elementor-inner-column elementor-element elementor-element-f37595f elementor-hidden-tablet elementor-hidden-mobile\" data-id=\"f37595f\" data-element_type=\"column\" data-e-type=\"column\">\n\t\t\t<div class=\"elementor-widget-wrap\">\n\t\t\t\t\t\t\t<\/div>\n\t\t<\/div>\n\t\t\t\t<div class=\"elementor-column elementor-col-25 elementor-inner-column elementor-element elementor-element-69d80d92\" data-id=\"69d80d92\" data-element_type=\"column\" data-e-type=\"column\">\n\t\t\t<div class=\"elementor-widget-wrap elementor-element-populated\">\n\t\t\t\t\t\t<div class=\"elementor-element elementor-element-33fa6cef ekit-equal-height-disable elementor-widget elementor-widget-elementskit-icon-box\" data-id=\"33fa6cef\" data-element_type=\"widget\" data-e-type=\"widget\" data-widget_type=\"elementskit-icon-box.default\">\n\t\t\t\t<div class=\"elementor-widget-container\">\n\t\t\t\t\t<div class=\"ekit-wid-con\" >        <!-- link opening -->\n                <!-- end link opening -->\n\n        <div class=\"elementskit-infobox text-center text-center icon-top-align elementor-animation-   \">\n                            <div class=\"elementskit-box-header\">\n                <div class=\"elementskit-info-box-icon \">\n                    <img decoding=\"async\" width=\"650\" height=\"650\" src=\"https:\/\/dev.moguntia.com\/wp-content\/uploads\/2025\/12\/stock-cube-classic-650-650.png\" class=\"attachment- size-\" alt=\"\" srcset=\"https:\/\/dev.moguntia.com\/wp-content\/uploads\/2025\/12\/stock-cube-classic-650-650.png 650w, https:\/\/dev.moguntia.com\/wp-content\/uploads\/2025\/12\/stock-cube-classic-650-650-300x300.png 300w, https:\/\/dev.moguntia.com\/wp-content\/uploads\/2025\/12\/stock-cube-classic-650-650-150x150.png 150w\" sizes=\"(max-width: 650px) 100vw, 650px\" \/>                <\/div>\n          <\/div>\n                <div class=\"box-body\">\n                            <h4 class=\"elementskit-info-box-title\">\n                    Klassische Aromen                <\/h4>\n                        \t\t  \t<p>Vegetarisch, Rind &amp; Gefl\u00fcgel<\/p>\n                                <\/div>\n        \n        \n                <\/div>\n        <\/div>\t\t\t\t<\/div>\n\t\t\t\t<\/div>\n\t\t\t\t\t<\/div>\n\t\t<\/div>\n\t\t\t\t<div class=\"elementor-column elementor-col-25 elementor-inner-column elementor-element elementor-element-177b91ec\" data-id=\"177b91ec\" data-element_type=\"column\" data-e-type=\"column\">\n\t\t\t<div class=\"elementor-widget-wrap elementor-element-populated\">\n\t\t\t\t\t\t<div class=\"elementor-element elementor-element-339b4175 ekit-equal-height-enable elementor-widget elementor-widget-elementskit-icon-box\" data-id=\"339b4175\" data-element_type=\"widget\" data-e-type=\"widget\" data-widget_type=\"elementskit-icon-box.default\">\n\t\t\t\t<div class=\"elementor-widget-container\">\n\t\t\t\t\t<div class=\"ekit-wid-con\" >        <!-- link opening -->\n                <!-- end link opening -->\n\n        <div class=\"elementskit-infobox text-center text-center icon-top-align elementor-animation-   \">\n                            <div class=\"elementskit-box-header\">\n                <div class=\"elementskit-info-box-icon \">\n                    <img decoding=\"async\" width=\"650\" height=\"650\" src=\"https:\/\/dev.moguntia.com\/wp-content\/uploads\/2025\/12\/Quadrat-650-650.png\" class=\"attachment- size-\" alt=\"\" srcset=\"https:\/\/dev.moguntia.com\/wp-content\/uploads\/2025\/12\/Quadrat-650-650.png 650w, https:\/\/dev.moguntia.com\/wp-content\/uploads\/2025\/12\/Quadrat-650-650-300x300.png 300w, https:\/\/dev.moguntia.com\/wp-content\/uploads\/2025\/12\/Quadrat-650-650-150x150.png 150w\" sizes=\"(max-width: 650px) 100vw, 650px\" \/>                <\/div>\n          <\/div>\n                <div class=\"box-body\">\n                            <h4 class=\"elementskit-info-box-title\">\n                    Neue Variationen                <\/h4>\n                        \t\t  \t<p>Trendbasierte neue Produkte <\/p>\n                                <\/div>\n        \n        \n                <\/div>\n        <\/div>\t\t\t\t<\/div>\n\t\t\t\t<\/div>\n\t\t\t\t\t<\/div>\n\t\t<\/div>\n\t\t\t\t<div class=\"elementor-column elementor-col-25 elementor-inner-column elementor-element elementor-element-6090d7ab elementor-hidden-tablet elementor-hidden-mobile\" data-id=\"6090d7ab\" data-element_type=\"column\" data-e-type=\"column\">\n\t\t\t<div class=\"elementor-widget-wrap\">\n\t\t\t\t\t\t\t<\/div>\n\t\t<\/div>\n\t\t\t\t\t<\/div>\n\t\t<\/section>\n\t\t\t\t\t<\/div>\n\t\t<\/div>\n\t\t\t\t\t<\/div>\n\t\t<\/section>\n\t\t\t\t<\/div>\n\t\t","protected":false},"excerpt":{"rendered":"<p>Br\u00fchw\u00fcrfel Vielseitig. Praktisch. Einfach. Kochen mit ultimativem Geschmack Unsere Br\u00fchw\u00fcrfel Die MOGUNTIA FOOD GROUP entwickelt hochwertige Br\u00fchw\u00fcrfel mit einer perfekt abgestimmten Kombination ausgew\u00e4hlter Zutaten, die f\u00fcr einen intensiven, nat\u00fcrlichen und vollmundigen Geschmack sorgen. Unsere vielseitig einsetzbaren Br\u00fchw\u00fcrfel verfeinern Suppen, Saucen sowie Reis- und Nudelgerichte und sorgen bereits in kleiner Dosierung f\u00fcr ein kr\u00e4ftiges Aroma und [&hellip;]<\/p>\n","protected":false},"author":3,"featured_media":0,"parent":0,"menu_order":0,"comment_status":"closed","ping_status":"closed","template":"","meta":{"footnotes":""},"class_list":["post-6892","page","type-page","status-publish","hentry"],"yoast_head":"<!-- This site is optimized with the Yoast SEO plugin v27.0 - https:\/\/yoast.com\/product\/yoast-seo-wordpress\/ -->\n<title>Br\u00fchw\u00fcrfel - MOGUNTIA FOOD GROUP<\/title>\n<meta name=\"robots\" content=\"noindex, follow, max-snippet:-1, max-image-preview:large, max-video-preview:-1\" \/>\n<meta property=\"og:locale\" content=\"de_DE\" \/>\n<meta property=\"og:type\" content=\"article\" \/>\n<meta property=\"og:title\" content=\"Br\u00fchw\u00fcrfel - MOGUNTIA FOOD GROUP\" \/>\n<meta property=\"og:description\" content=\"Br\u00fchw\u00fcrfel Vielseitig. Praktisch. Einfach. Kochen mit ultimativem Geschmack Unsere Br\u00fchw\u00fcrfel Die MOGUNTIA FOOD GROUP entwickelt hochwertige Br\u00fchw\u00fcrfel mit einer perfekt abgestimmten Kombination ausgew\u00e4hlter Zutaten, die f\u00fcr einen intensiven, nat\u00fcrlichen und vollmundigen Geschmack sorgen. Unsere vielseitig einsetzbaren Br\u00fchw\u00fcrfel verfeinern Suppen, Saucen sowie Reis- und Nudelgerichte und sorgen bereits in kleiner Dosierung f\u00fcr ein kr\u00e4ftiges Aroma und [&hellip;]\" \/>\n<meta property=\"og:url\" content=\"https:\/\/dev.moguntia.com\/de\/bruehwuerfel\/\" \/>\n<meta property=\"og:site_name\" content=\"MOGUNTIA FOOD GROUP\" \/>\n<meta property=\"article:modified_time\" content=\"2026-02-18T12:26:35+00:00\" \/>\n<meta property=\"og:image\" content=\"https:\/\/dev.moguntia.com\/wp-content\/uploads\/2026\/02\/stock-cubes-beef-650x650-1.jpg\" \/>\n\t<meta property=\"og:image:width\" content=\"650\" \/>\n\t<meta property=\"og:image:height\" content=\"650\" \/>\n\t<meta property=\"og:image:type\" content=\"image\/jpeg\" \/>\n<meta name=\"twitter:card\" content=\"summary_large_image\" \/>\n<meta name=\"twitter:label1\" content=\"Gesch\u00e4tzte Lesezeit\" \/>\n\t<meta name=\"twitter:data1\" content=\"1\u00a0Minute\" \/>\n<script type=\"application\/ld+json\" class=\"yoast-schema-graph\">{\"@context\":\"https:\/\/schema.org\",\"@graph\":[{\"@type\":\"WebPage\",\"@id\":\"https:\/\/dev.moguntia.com\/de\/bruehwuerfel\/\",\"url\":\"https:\/\/dev.moguntia.com\/de\/bruehwuerfel\/\",\"name\":\"Br\u00fchw\u00fcrfel - MOGUNTIA FOOD GROUP\",\"isPartOf\":{\"@id\":\"https:\/\/dev.moguntia.com\/#website\"},\"primaryImageOfPage\":{\"@id\":\"https:\/\/dev.moguntia.com\/de\/bruehwuerfel\/#primaryimage\"},\"image\":{\"@id\":\"https:\/\/dev.moguntia.com\/de\/bruehwuerfel\/#primaryimage\"},\"thumbnailUrl\":\"https:\/\/dev.moguntia.com\/wp-content\/uploads\/2026\/02\/stock-cubes-beef-650x650-1.jpg\",\"datePublished\":\"2024-10-17T07:24:11+00:00\",\"dateModified\":\"2026-02-18T12:26:35+00:00\",\"breadcrumb\":{\"@id\":\"https:\/\/dev.moguntia.com\/de\/bruehwuerfel\/#breadcrumb\"},\"inLanguage\":\"de\",\"potentialAction\":[{\"@type\":\"ReadAction\",\"target\":[\"https:\/\/dev.moguntia.com\/de\/bruehwuerfel\/\"]}]},{\"@type\":\"ImageObject\",\"inLanguage\":\"de\",\"@id\":\"https:\/\/dev.moguntia.com\/de\/bruehwuerfel\/#primaryimage\",\"url\":\"https:\/\/dev.moguntia.com\/wp-content\/uploads\/2026\/02\/stock-cubes-beef-650x650-1.jpg\",\"contentUrl\":\"https:\/\/dev.moguntia.com\/wp-content\/uploads\/2026\/02\/stock-cubes-beef-650x650-1.jpg\"},{\"@type\":\"BreadcrumbList\",\"@id\":\"https:\/\/dev.moguntia.com\/de\/bruehwuerfel\/#breadcrumb\",\"itemListElement\":[{\"@type\":\"ListItem\",\"position\":1,\"name\":\"Home\",\"item\":\"https:\/\/dev.moguntia.com\/\"},{\"@type\":\"ListItem\",\"position\":2,\"name\":\"Br\u00fchw\u00fcrfel\"}]},{\"@type\":\"WebSite\",\"@id\":\"https:\/\/dev.moguntia.com\/#website\",\"url\":\"https:\/\/dev.moguntia.com\/\",\"name\":\"MOGUNTIA FOOD GROUP\",\"description\":\"Taste the power of Food\",\"publisher\":{\"@id\":\"https:\/\/dev.moguntia.com\/#organization\"},\"potentialAction\":[{\"@type\":\"SearchAction\",\"target\":{\"@type\":\"EntryPoint\",\"urlTemplate\":\"https:\/\/dev.moguntia.com\/?s={search_term_string}\"},\"query-input\":{\"@type\":\"PropertyValueSpecification\",\"valueRequired\":true,\"valueName\":\"search_term_string\"}}],\"inLanguage\":\"de\"},{\"@type\":\"Organization\",\"@id\":\"https:\/\/dev.moguntia.com\/#organization\",\"name\":\"MOGUNTIA FOOD GROUP\",\"url\":\"https:\/\/dev.moguntia.com\/\",\"logo\":{\"@type\":\"ImageObject\",\"inLanguage\":\"de\",\"@id\":\"https:\/\/dev.moguntia.com\/#\/schema\/logo\/image\/\",\"url\":\"https:\/\/dev.moguntia.com\/wp-content\/uploads\/2024\/07\/cropped-Kernlogo-MOGUNTIA-FOOD-GROUP-invert.png\",\"contentUrl\":\"https:\/\/dev.moguntia.com\/wp-content\/uploads\/2024\/07\/cropped-Kernlogo-MOGUNTIA-FOOD-GROUP-invert.png\",\"width\":500,\"height\":142,\"caption\":\"MOGUNTIA FOOD GROUP\"},\"image\":{\"@id\":\"https:\/\/dev.moguntia.com\/#\/schema\/logo\/image\/\"}}]}<\/script>\n<!-- \/ Yoast SEO plugin. -->","yoast_head_json":{"title":"Br\u00fchw\u00fcrfel - MOGUNTIA FOOD GROUP","robots":{"index":"noindex","follow":"follow","max-snippet":"max-snippet:-1","max-image-preview":"max-image-preview:large","max-video-preview":"max-video-preview:-1"},"og_locale":"de_DE","og_type":"article","og_title":"Br\u00fchw\u00fcrfel - MOGUNTIA FOOD GROUP","og_description":"Br\u00fchw\u00fcrfel Vielseitig. Praktisch. Einfach. Kochen mit ultimativem Geschmack Unsere Br\u00fchw\u00fcrfel Die MOGUNTIA FOOD GROUP entwickelt hochwertige Br\u00fchw\u00fcrfel mit einer perfekt abgestimmten Kombination ausgew\u00e4hlter Zutaten, die f\u00fcr einen intensiven, nat\u00fcrlichen und vollmundigen Geschmack sorgen. Unsere vielseitig einsetzbaren Br\u00fchw\u00fcrfel verfeinern Suppen, Saucen sowie Reis- und Nudelgerichte und sorgen bereits in kleiner Dosierung f\u00fcr ein kr\u00e4ftiges Aroma und [&hellip;]","og_url":"https:\/\/dev.moguntia.com\/de\/bruehwuerfel\/","og_site_name":"MOGUNTIA FOOD GROUP","article_modified_time":"2026-02-18T12:26:35+00:00","og_image":[{"width":650,"height":650,"url":"https:\/\/dev.moguntia.com\/wp-content\/uploads\/2026\/02\/stock-cubes-beef-650x650-1.jpg","type":"image\/jpeg"}],"twitter_card":"summary_large_image","twitter_misc":{"Gesch\u00e4tzte Lesezeit":"1\u00a0Minute"},"schema":{"@context":"https:\/\/schema.org","@graph":[{"@type":"WebPage","@id":"https:\/\/dev.moguntia.com\/de\/bruehwuerfel\/","url":"https:\/\/dev.moguntia.com\/de\/bruehwuerfel\/","name":"Br\u00fchw\u00fcrfel - MOGUNTIA FOOD GROUP","isPartOf":{"@id":"https:\/\/dev.moguntia.com\/#website"},"primaryImageOfPage":{"@id":"https:\/\/dev.moguntia.com\/de\/bruehwuerfel\/#primaryimage"},"image":{"@id":"https:\/\/dev.moguntia.com\/de\/bruehwuerfel\/#primaryimage"},"thumbnailUrl":"https:\/\/dev.moguntia.com\/wp-content\/uploads\/2026\/02\/stock-cubes-beef-650x650-1.jpg","datePublished":"2024-10-17T07:24:11+00:00","dateModified":"2026-02-18T12:26:35+00:00","breadcrumb":{"@id":"https:\/\/dev.moguntia.com\/de\/bruehwuerfel\/#breadcrumb"},"inLanguage":"de","potentialAction":[{"@type":"ReadAction","target":["https:\/\/dev.moguntia.com\/de\/bruehwuerfel\/"]}]},{"@type":"ImageObject","inLanguage":"de","@id":"https:\/\/dev.moguntia.com\/de\/bruehwuerfel\/#primaryimage","url":"https:\/\/dev.moguntia.com\/wp-content\/uploads\/2026\/02\/stock-cubes-beef-650x650-1.jpg","contentUrl":"https:\/\/dev.moguntia.com\/wp-content\/uploads\/2026\/02\/stock-cubes-beef-650x650-1.jpg"},{"@type":"BreadcrumbList","@id":"https:\/\/dev.moguntia.com\/de\/bruehwuerfel\/#breadcrumb","itemListElement":[{"@type":"ListItem","position":1,"name":"Home","item":"https:\/\/dev.moguntia.com\/"},{"@type":"ListItem","position":2,"name":"Br\u00fchw\u00fcrfel"}]},{"@type":"WebSite","@id":"https:\/\/dev.moguntia.com\/#website","url":"https:\/\/dev.moguntia.com\/","name":"MOGUNTIA FOOD GROUP","description":"Taste the power of Food","publisher":{"@id":"https:\/\/dev.moguntia.com\/#organization"},"potentialAction":[{"@type":"SearchAction","target":{"@type":"EntryPoint","urlTemplate":"https:\/\/dev.moguntia.com\/?s={search_term_string}"},"query-input":{"@type":"PropertyValueSpecification","valueRequired":true,"valueName":"search_term_string"}}],"inLanguage":"de"},{"@type":"Organization","@id":"https:\/\/dev.moguntia.com\/#organization","name":"MOGUNTIA FOOD GROUP","url":"https:\/\/dev.moguntia.com\/","logo":{"@type":"ImageObject","inLanguage":"de","@id":"https:\/\/dev.moguntia.com\/#\/schema\/logo\/image\/","url":"https:\/\/dev.moguntia.com\/wp-content\/uploads\/2024\/07\/cropped-Kernlogo-MOGUNTIA-FOOD-GROUP-invert.png","contentUrl":"https:\/\/dev.moguntia.com\/wp-content\/uploads\/2024\/07\/cropped-Kernlogo-MOGUNTIA-FOOD-GROUP-invert.png","width":500,"height":142,"caption":"MOGUNTIA FOOD GROUP"},"image":{"@id":"https:\/\/dev.moguntia.com\/#\/schema\/logo\/image\/"}}]}},"_links":{"self":[{"href":"https:\/\/dev.moguntia.com\/de\/wp-json\/wp\/v2\/pages\/6892","targetHints":{"allow":["GET"]}}],"collection":[{"href":"https:\/\/dev.moguntia.com\/de\/wp-json\/wp\/v2\/pages"}],"about":[{"href":"https:\/\/dev.moguntia.com\/de\/wp-json\/wp\/v2\/types\/page"}],"author":[{"embeddable":true,"href":"https:\/\/dev.moguntia.com\/de\/wp-json\/wp\/v2\/users\/3"}],"replies":[{"embeddable":true,"href":"https:\/\/dev.moguntia.com\/de\/wp-json\/wp\/v2\/comments?post=6892"}],"version-history":[{"count":10,"href":"https:\/\/dev.moguntia.com\/de\/wp-json\/wp\/v2\/pages\/6892\/revisions"}],"predecessor-version":[{"id":8155,"href":"https:\/\/dev.moguntia.com\/de\/wp-json\/wp\/v2\/pages\/6892\/revisions\/8155"}],"wp:attachment":[{"href":"https:\/\/dev.moguntia.com\/de\/wp-json\/wp\/v2\/media?parent=6892"}],"curies":[{"name":"wp","href":"https:\/\/api.w.org\/{rel}","templated":true}]}}