{"id":6902,"date":"2024-09-06T09:13:50","date_gmt":"2024-09-06T09:13:50","guid":{"rendered":"https:\/\/staging.moguntia.com\/fleischerhandwerk\/"},"modified":"2026-02-16T11:09:08","modified_gmt":"2026-02-16T11:09:08","slug":"fleischerhandwerk","status":"publish","type":"page","link":"https:\/\/dev.moguntia.com\/de\/fleischerhandwerk\/","title":{"rendered":"Fleischerhandwerk"},"content":{"rendered":"\t\t<div data-elementor-type=\"wp-page\" data-elementor-id=\"6902\" class=\"elementor elementor-6902 elementor-398\" data-elementor-post-type=\"page\">\n\t\t\t\t<div class=\"elementor-element elementor-element-12b23f77 e-flex e-con-boxed e-con e-parent\" data-id=\"12b23f77\" data-element_type=\"container\" data-e-type=\"container\" data-settings=\"{&quot;background_background&quot;:&quot;classic&quot;,&quot;jet_parallax_layout_list&quot;:[]}\">\n\t\t\t\t\t<div class=\"e-con-inner\">\n\t\t\t\t<div class=\"elementor-element elementor-element-2268038a elementor-widget elementor-widget-elementskit-heading\" data-id=\"2268038a\" data-element_type=\"widget\" data-e-type=\"widget\" data-widget_type=\"elementskit-heading.default\">\n\t\t\t\t<div class=\"elementor-widget-container\">\n\t\t\t\t\t<div class=\"ekit-wid-con\" ><div class=\"ekit-heading elementskit-section-title-wraper text_center   ekit_heading_tablet-text_center   ekit_heading_mobile-text_center\"><h2 class=\"ekit-heading--title elementskit-section-title \">Fleischerhandwerk<\/h2><h3 class=\"ekit-heading--subtitle elementskit-section-subtitle  \">\n\t\t\t\t\t\tPartnerschaft f\u00fcr Perfektion\n\t\t\t\t\t<\/h3><\/div><\/div>\t\t\t\t<\/div>\n\t\t\t\t<\/div>\n\t\t\t\t\t<\/div>\n\t\t\t\t<\/div>\n\t\t<div class=\"elementor-element elementor-element-dbc72a4 e-flex e-con-boxed e-con e-parent\" data-id=\"dbc72a4\" data-element_type=\"container\" data-e-type=\"container\" data-settings=\"{&quot;jet_parallax_layout_list&quot;:[]}\">\n\t\t\t\t\t<div class=\"e-con-inner\">\n\t\t<div class=\"elementor-element elementor-element-4aa035d6 e-con-full e-flex e-con e-child\" data-id=\"4aa035d6\" data-element_type=\"container\" data-e-type=\"container\" data-settings=\"{&quot;jet_parallax_layout_list&quot;:[]}\">\n\t\t\t\t<div class=\"elementor-element elementor-element-2144978e elementor-widget elementor-widget-image\" data-id=\"2144978e\" data-element_type=\"widget\" data-e-type=\"widget\" data-widget_type=\"image.default\">\n\t\t\t\t<div class=\"elementor-widget-container\">\n\t\t\t\t\t\t\t\t\t\t\t\t\t\t\t<img fetchpriority=\"high\" decoding=\"async\" width=\"650\" height=\"650\" src=\"https:\/\/dev.moguntia.com\/wp-content\/uploads\/2025\/12\/Row-Salami-650x650-1.png\" class=\"attachment-large size-large wp-image-6713\" alt=\"\" srcset=\"https:\/\/dev.moguntia.com\/wp-content\/uploads\/2025\/12\/Row-Salami-650x650-1.png 650w, https:\/\/dev.moguntia.com\/wp-content\/uploads\/2025\/12\/Row-Salami-650x650-1-300x300.png 300w, https:\/\/dev.moguntia.com\/wp-content\/uploads\/2025\/12\/Row-Salami-650x650-1-150x150.png 150w\" sizes=\"(max-width: 650px) 100vw, 650px\" \/>\t\t\t\t\t\t\t\t\t\t\t\t\t\t\t<\/div>\n\t\t\t\t<\/div>\n\t\t\t\t<\/div>\n\t\t<div class=\"elementor-element elementor-element-4cc6326a e-con-full e-flex e-con e-child\" data-id=\"4cc6326a\" data-element_type=\"container\" data-e-type=\"container\" data-settings=\"{&quot;jet_parallax_layout_list&quot;:[]}\">\n\t\t\t\t<div class=\"elementor-element elementor-element-3dfeccff elementor-widget elementor-widget-heading\" data-id=\"3dfeccff\" data-element_type=\"widget\" data-e-type=\"widget\" data-widget_type=\"heading.default\">\n\t\t\t\t<div class=\"elementor-widget-container\">\n\t\t\t\t\t<h5 class=\"elementor-heading-title elementor-size-default\">Unser Service<\/h5>\t\t\t\t<\/div>\n\t\t\t\t<\/div>\n\t\t\t\t<div class=\"elementor-element elementor-element-a64c06c elementor-widget-divider--view-line elementor-widget elementor-widget-divider\" data-id=\"a64c06c\" data-element_type=\"widget\" data-e-type=\"widget\" data-widget_type=\"divider.default\">\n\t\t\t\t<div class=\"elementor-widget-container\">\n\t\t\t\t\t\t\t<div class=\"elementor-divider\">\n\t\t\t<span class=\"elementor-divider-separator\">\n\t\t\t\t\t\t<\/span>\n\t\t<\/div>\n\t\t\t\t\t\t<\/div>\n\t\t\t\t<\/div>\n\t\t\t\t<div class=\"elementor-element elementor-element-762cb2a0 elementor-widget elementor-widget-elementskit-heading\" data-id=\"762cb2a0\" data-element_type=\"widget\" data-e-type=\"widget\" data-widget_type=\"elementskit-heading.default\">\n\t\t\t\t<div class=\"elementor-widget-container\">\n\t\t\t\t\t<div class=\"ekit-wid-con\" ><div class=\"ekit-heading elementskit-section-title-wraper text_left   ekit_heading_tablet-text_center   ekit_heading_mobile-text_center\"><h2 class=\"ekit-heading--title elementskit-section-title \">Optimieren Sie Ihr <span>Fleischerhandwerk<\/span><\/h2>\t\t\t\t<div class='ekit-heading__description'>\n\t\t\t\t\t<p>Entdecken Sie unser umfassendes Sortiment f\u00fcr das Fleischerhandwerk, abgestimmt auf Ihre professionellen Anforderungen.<\/p>\n<p>Unser Portfolio umfasst hochwertige Gew\u00fcrze f\u00fcr Wurst- und Fleischwaren, feine Delikatessen, eine attraktive Thekenauswahl sowie wichtige Koch- und Funktionszutaten. Veredeln Sie Ihre Produkte mit unseren W\u00fcrzungen und optimieren Sie Prozesse mit funktionellen Zutaten wie Starterkulturen.<\/p>\n<p>Unsere erstklassige Qualit\u00e4t in Kombination mit au\u00dfergew\u00f6hnlichem Service bringt Ihr Fleischerhandwerk auf ein neues Niveau.<\/p>\n\t\t\t\t<\/div>\n\t\t\t<\/div><\/div>\t\t\t\t<\/div>\n\t\t\t\t<\/div>\n\t\t\t\t<\/div>\n\t\t\t\t\t<\/div>\n\t\t\t\t<\/div>\n\t\t<div class=\"elementor-element elementor-element-df72b03 e-flex e-con-boxed e-con e-parent\" data-id=\"df72b03\" data-element_type=\"container\" data-e-type=\"container\" data-settings=\"{&quot;background_background&quot;:&quot;classic&quot;,&quot;jet_parallax_layout_list&quot;:[]}\">\n\t\t\t\t\t<div class=\"e-con-inner\">\n\t\t<div class=\"elementor-element elementor-element-6c6db7ee e-con-full e-flex e-con e-child\" data-id=\"6c6db7ee\" data-element_type=\"container\" data-e-type=\"container\" data-settings=\"{&quot;jet_parallax_layout_list&quot;:[]}\">\n\t\t\t\t<div class=\"elementor-element elementor-element-2e1a468b ekit-equal-height-disable elementor-widget elementor-widget-elementskit-icon-box\" data-id=\"2e1a468b\" data-element_type=\"widget\" data-e-type=\"widget\" data-widget_type=\"elementskit-icon-box.default\">\n\t\t\t\t<div class=\"elementor-widget-container\">\n\t\t\t\t\t<div class=\"ekit-wid-con\" >        <!-- link opening -->\n                <!-- end link opening -->\n\n        <div class=\"elementskit-infobox text-center text-center icon-top-align elementor-animation-   \">\n                    <div class=\"elementskit-box-header elementor-animation-\">\n                <div class=\"elementskit-info-box-icon  \">\n                    \n                <\/div>\n          <\/div>\n                        <div class=\"box-body\">\n                            <h5 class=\"elementskit-info-box-title\">\n                    Alles, was Sie f\u00fcr die Fleischproduktion ben\u00f6tigen.                <\/h5>\n                        \t\t  \t<p>Von Starterkulturen und Technologien bis hin zu Gew\u00fcrzen und Marinaden<\/p>\n                                <\/div>\n        \n        \n                <\/div>\n        <\/div>\t\t\t\t<\/div>\n\t\t\t\t<\/div>\n\t\t\t\t<\/div>\n\t\t\t\t\t<\/div>\n\t\t\t\t<\/div>\n\t\t<div class=\"elementor-element elementor-element-d599da2 e-flex e-con-boxed e-con e-parent\" data-id=\"d599da2\" data-element_type=\"container\" data-e-type=\"container\" data-settings=\"{&quot;jet_parallax_layout_list&quot;:[]}\">\n\t\t\t\t\t<div class=\"e-con-inner\">\n\t\t<div class=\"elementor-element elementor-element-19259c81 e-con-full e-flex e-con e-child\" data-id=\"19259c81\" data-element_type=\"container\" data-e-type=\"container\" data-settings=\"{&quot;jet_parallax_layout_list&quot;:[]}\">\n\t\t\t\t<div class=\"elementor-element elementor-element-b86d0df elementor-widget elementor-widget-heading\" data-id=\"b86d0df\" data-element_type=\"widget\" data-e-type=\"widget\" data-widget_type=\"heading.default\">\n\t\t\t\t<div class=\"elementor-widget-container\">\n\t\t\t\t\t<h5 class=\"elementor-heading-title elementor-size-default\">Was wir bieten<\/h5>\t\t\t\t<\/div>\n\t\t\t\t<\/div>\n\t\t\t\t<div class=\"elementor-element elementor-element-100c4a4f elementor-widget-divider--view-line elementor-widget elementor-widget-divider\" data-id=\"100c4a4f\" data-element_type=\"widget\" data-e-type=\"widget\" data-widget_type=\"divider.default\">\n\t\t\t\t<div class=\"elementor-widget-container\">\n\t\t\t\t\t\t\t<div class=\"elementor-divider\">\n\t\t\t<span class=\"elementor-divider-separator\">\n\t\t\t\t\t\t<\/span>\n\t\t<\/div>\n\t\t\t\t\t\t<\/div>\n\t\t\t\t<\/div>\n\t\t\t\t<div class=\"elementor-element elementor-element-5b81221a elementor-widget elementor-widget-elementskit-heading\" data-id=\"5b81221a\" data-element_type=\"widget\" data-e-type=\"widget\" data-widget_type=\"elementskit-heading.default\">\n\t\t\t\t<div class=\"elementor-widget-container\">\n\t\t\t\t\t<div class=\"ekit-wid-con\" ><div class=\"ekit-heading elementskit-section-title-wraper text_left   ekit_heading_tablet-text_center   ekit_heading_mobile-text_left\"><h2 class=\"ekit-heading--title elementskit-section-title \">Ma\u00dfgeschneiderte <span>Produkte<\/span><\/h2>\t\t\t\t<div class='ekit-heading__description'>\n\t\t\t\t\t<p>Pr\u00e4zise entwickelt, um Ihre Anforderungen zu erf\u00fcllen \u2013 und der Schl\u00fcssel zu Ihrem Erfolg. <br \/>Wir laden Sie ein, Ihre Kreativit\u00e4t zu entfalten, denn wir entwickeln ma\u00dfgeschneiderte Produkte exklusiv f\u00fcr Ihre Marke.<br \/>In enger Zusammenarbeit mit unseren engagierten Produktentwicklungsteams liefern wir hochwertige Geschmacks- &amp; Technologiel\u00f6sungen, die exakt auf den Markt zugeschnitten sind.<\/p>\n\t\t\t\t<\/div>\n\t\t\t<\/div><\/div>\t\t\t\t<\/div>\n\t\t\t\t<\/div>\n\t\t\t\t<div class=\"elementor-element elementor-element-c880273 ekit-equal-height-disable elementor-widget elementor-widget-elementskit-icon-box\" data-id=\"c880273\" data-element_type=\"widget\" data-e-type=\"widget\" data-widget_type=\"elementskit-icon-box.default\">\n\t\t\t\t<div class=\"elementor-widget-container\">\n\t\t\t\t\t<div class=\"ekit-wid-con\" >        <!-- link opening -->\n                <!-- end link opening -->\n\n        <div class=\"elementskit-infobox text-left text-left icon-lef-right-aligin elementor-animation- media  \">\n                    <div class=\"elementskit-box-header elementor-animation-\">\n                <div class=\"elementskit-info-box-icon  text-center\">\n                    <i aria-hidden=\"true\" class=\"elementkit-infobox-icon icon icon-Leaf\"><\/i>\n                <\/div>\n          <\/div>\n                        <div class=\"box-body\">\n                            <h5 class=\"elementskit-info-box-title\">\n                    Geeignet f\u00fcr unterschiedliche Ern\u00e4hrungsanforderungen                <\/h5>\n                        \t\t  \t<p>Zum Beispiel glutenfreie, natriumarme oder allergenfreie Optionen, die Ihre Produktion vielseitiger darstellen k\u00f6nnen.\n<\/p>\n                                <\/div>\n        \n        \n                <\/div>\n        <\/div>\t\t\t\t<\/div>\n\t\t\t\t<\/div>\n\t\t\t\t<\/div>\n\t\t<div class=\"elementor-element elementor-element-711b7562 e-con-full e-flex e-con e-child\" data-id=\"711b7562\" data-element_type=\"container\" data-e-type=\"container\" data-settings=\"{&quot;jet_parallax_layout_list&quot;:[]}\">\n\t\t\t\t<div class=\"elementor-element elementor-element-71798667 elementor-widget elementor-widget-image\" data-id=\"71798667\" data-element_type=\"widget\" data-e-type=\"widget\" data-widget_type=\"image.default\">\n\t\t\t\t<div class=\"elementor-widget-container\">\n\t\t\t\t\t\t\t\t\t\t\t\t\t\t\t<img decoding=\"async\" width=\"650\" height=\"650\" src=\"https:\/\/dev.moguntia.com\/wp-content\/uploads\/2024\/09\/MATRIX-quer-hoch-Banner.png\" class=\"attachment-full size-full wp-image-6298\" alt=\"\" srcset=\"https:\/\/dev.moguntia.com\/wp-content\/uploads\/2024\/09\/MATRIX-quer-hoch-Banner.png 650w, https:\/\/dev.moguntia.com\/wp-content\/uploads\/2024\/09\/MATRIX-quer-hoch-Banner-300x300.png 300w, https:\/\/dev.moguntia.com\/wp-content\/uploads\/2024\/09\/MATRIX-quer-hoch-Banner-150x150.png 150w\" sizes=\"(max-width: 650px) 100vw, 650px\" \/>\t\t\t\t\t\t\t\t\t\t\t\t\t\t\t<\/div>\n\t\t\t\t<\/div>\n\t\t\t\t<\/div>\n\t\t\t\t\t<\/div>\n\t\t\t\t<\/div>\n\t\t<div class=\"elementor-element elementor-element-4ba7262e e-con-full e-flex e-con e-child\" data-id=\"4ba7262e\" data-element_type=\"container\" data-e-type=\"container\" data-settings=\"{&quot;background_background&quot;:&quot;classic&quot;,&quot;jet_parallax_layout_list&quot;:[]}\">\n\t\t\t\t<div class=\"elementor-element elementor-element-14606206 elementor-view-stacked elementor-shape-circle elementor-widget elementor-widget-icon\" data-id=\"14606206\" data-element_type=\"widget\" data-e-type=\"widget\" data-widget_type=\"icon.default\">\n\t\t\t\t<div class=\"elementor-widget-container\">\n\t\t\t\t\t\t\t<div class=\"elementor-icon-wrapper\">\n\t\t\t<a class=\"elementor-icon\" href=\"https:\/\/dev.moguntia.com\/contact-us\/\">\n\t\t\t<i aria-hidden=\"true\" class=\"icon icon-envelope11\"><\/i>\t\t\t<\/a>\n\t\t<\/div>\n\t\t\t\t\t\t<\/div>\n\t\t\t\t<\/div>\n\t\t\t\t<div class=\"elementor-element elementor-element-1273b39c elementor-widget elementor-widget-elementskit-heading\" data-id=\"1273b39c\" data-element_type=\"widget\" data-e-type=\"widget\" data-widget_type=\"elementskit-heading.default\">\n\t\t\t\t<div class=\"elementor-widget-container\">\n\t\t\t\t\t<div class=\"ekit-wid-con\" ><div class=\"ekit-heading elementskit-section-title-wraper text_center   ekit_heading_tablet-text_center   ekit_heading_mobile-\"><h4 class=\"ekit-heading--subtitle elementskit-section-subtitle  \">\n\t\t\t\t\t\tKontaktieren Sie uns!\n\t\t\t\t\t<\/h4><\/div><\/div>\t\t\t\t<\/div>\n\t\t\t\t<\/div>\n\t\t\t\t<\/div>\n\t\t\t\t<\/div>\n\t\t","protected":false},"excerpt":{"rendered":"<p>Fleischerhandwerk Partnerschaft f\u00fcr Perfektion Unser Service Optimieren Sie Ihr Fleischerhandwerk Entdecken Sie unser umfassendes Sortiment f\u00fcr das Fleischerhandwerk, abgestimmt auf Ihre professionellen Anforderungen. Unser Portfolio umfasst hochwertige Gew\u00fcrze f\u00fcr Wurst- und Fleischwaren, feine Delikatessen, eine attraktive Thekenauswahl sowie wichtige Koch- und Funktionszutaten. Veredeln Sie Ihre Produkte mit unseren W\u00fcrzungen und optimieren Sie Prozesse mit funktionellen [&hellip;]<\/p>\n","protected":false},"author":8,"featured_media":0,"parent":0,"menu_order":0,"comment_status":"closed","ping_status":"closed","template":"","meta":{"footnotes":""},"class_list":["post-6902","page","type-page","status-publish","hentry"],"yoast_head":"<!-- This site is optimized with the Yoast SEO plugin v27.0 - https:\/\/yoast.com\/product\/yoast-seo-wordpress\/ -->\n<title>Fleischerhandwerk - MOGUNTIA FOOD GROUP<\/title>\n<meta name=\"robots\" content=\"noindex, follow, max-snippet:-1, max-image-preview:large, max-video-preview:-1\" \/>\n<meta property=\"og:locale\" content=\"de_DE\" \/>\n<meta property=\"og:type\" content=\"article\" \/>\n<meta property=\"og:title\" content=\"Fleischerhandwerk - MOGUNTIA FOOD GROUP\" \/>\n<meta property=\"og:description\" content=\"Fleischerhandwerk Partnerschaft f\u00fcr Perfektion Unser Service Optimieren Sie Ihr Fleischerhandwerk Entdecken Sie unser umfassendes Sortiment f\u00fcr das Fleischerhandwerk, abgestimmt auf Ihre professionellen Anforderungen. Unser Portfolio umfasst hochwertige Gew\u00fcrze f\u00fcr Wurst- und Fleischwaren, feine Delikatessen, eine attraktive Thekenauswahl sowie wichtige Koch- und Funktionszutaten. Veredeln Sie Ihre Produkte mit unseren W\u00fcrzungen und optimieren Sie Prozesse mit funktionellen [&hellip;]\" \/>\n<meta property=\"og:url\" content=\"https:\/\/dev.moguntia.com\/de\/fleischerhandwerk\/\" \/>\n<meta property=\"og:site_name\" content=\"MOGUNTIA FOOD GROUP\" \/>\n<meta property=\"article:modified_time\" content=\"2026-02-16T11:09:08+00:00\" \/>\n<meta property=\"og:image\" content=\"https:\/\/dev.moguntia.com\/wp-content\/uploads\/2025\/12\/Row-Salami-650x650-1.png\" \/>\n\t<meta property=\"og:image:width\" content=\"650\" \/>\n\t<meta property=\"og:image:height\" content=\"650\" \/>\n\t<meta property=\"og:image:type\" content=\"image\/png\" \/>\n<meta name=\"twitter:card\" content=\"summary_large_image\" \/>\n<meta name=\"twitter:label1\" content=\"Gesch\u00e4tzte Lesezeit\" \/>\n\t<meta name=\"twitter:data1\" content=\"1\u00a0Minute\" \/>\n<script type=\"application\/ld+json\" class=\"yoast-schema-graph\">{\"@context\":\"https:\/\/schema.org\",\"@graph\":[{\"@type\":\"WebPage\",\"@id\":\"https:\/\/dev.moguntia.com\/de\/fleischerhandwerk\/\",\"url\":\"https:\/\/dev.moguntia.com\/de\/fleischerhandwerk\/\",\"name\":\"Fleischerhandwerk - MOGUNTIA FOOD GROUP\",\"isPartOf\":{\"@id\":\"https:\/\/dev.moguntia.com\/#website\"},\"primaryImageOfPage\":{\"@id\":\"https:\/\/dev.moguntia.com\/de\/fleischerhandwerk\/#primaryimage\"},\"image\":{\"@id\":\"https:\/\/dev.moguntia.com\/de\/fleischerhandwerk\/#primaryimage\"},\"thumbnailUrl\":\"https:\/\/dev.moguntia.com\/wp-content\/uploads\/2025\/12\/Row-Salami-650x650-1.png\",\"datePublished\":\"2024-09-06T09:13:50+00:00\",\"dateModified\":\"2026-02-16T11:09:08+00:00\",\"breadcrumb\":{\"@id\":\"https:\/\/dev.moguntia.com\/de\/fleischerhandwerk\/#breadcrumb\"},\"inLanguage\":\"de\",\"potentialAction\":[{\"@type\":\"ReadAction\",\"target\":[\"https:\/\/dev.moguntia.com\/de\/fleischerhandwerk\/\"]}]},{\"@type\":\"ImageObject\",\"inLanguage\":\"de\",\"@id\":\"https:\/\/dev.moguntia.com\/de\/fleischerhandwerk\/#primaryimage\",\"url\":\"https:\/\/dev.moguntia.com\/wp-content\/uploads\/2025\/12\/Row-Salami-650x650-1.png\",\"contentUrl\":\"https:\/\/dev.moguntia.com\/wp-content\/uploads\/2025\/12\/Row-Salami-650x650-1.png\"},{\"@type\":\"BreadcrumbList\",\"@id\":\"https:\/\/dev.moguntia.com\/de\/fleischerhandwerk\/#breadcrumb\",\"itemListElement\":[{\"@type\":\"ListItem\",\"position\":1,\"name\":\"Home\",\"item\":\"https:\/\/dev.moguntia.com\/\"},{\"@type\":\"ListItem\",\"position\":2,\"name\":\"Fleischerhandwerk\"}]},{\"@type\":\"WebSite\",\"@id\":\"https:\/\/dev.moguntia.com\/#website\",\"url\":\"https:\/\/dev.moguntia.com\/\",\"name\":\"MOGUNTIA FOOD GROUP\",\"description\":\"Taste the power of Food\",\"publisher\":{\"@id\":\"https:\/\/dev.moguntia.com\/#organization\"},\"potentialAction\":[{\"@type\":\"SearchAction\",\"target\":{\"@type\":\"EntryPoint\",\"urlTemplate\":\"https:\/\/dev.moguntia.com\/?s={search_term_string}\"},\"query-input\":{\"@type\":\"PropertyValueSpecification\",\"valueRequired\":true,\"valueName\":\"search_term_string\"}}],\"inLanguage\":\"de\"},{\"@type\":\"Organization\",\"@id\":\"https:\/\/dev.moguntia.com\/#organization\",\"name\":\"MOGUNTIA FOOD GROUP\",\"url\":\"https:\/\/dev.moguntia.com\/\",\"logo\":{\"@type\":\"ImageObject\",\"inLanguage\":\"de\",\"@id\":\"https:\/\/dev.moguntia.com\/#\/schema\/logo\/image\/\",\"url\":\"https:\/\/dev.moguntia.com\/wp-content\/uploads\/2024\/07\/cropped-Kernlogo-MOGUNTIA-FOOD-GROUP-invert.png\",\"contentUrl\":\"https:\/\/dev.moguntia.com\/wp-content\/uploads\/2024\/07\/cropped-Kernlogo-MOGUNTIA-FOOD-GROUP-invert.png\",\"width\":500,\"height\":142,\"caption\":\"MOGUNTIA FOOD GROUP\"},\"image\":{\"@id\":\"https:\/\/dev.moguntia.com\/#\/schema\/logo\/image\/\"}}]}<\/script>\n<!-- \/ Yoast SEO plugin. -->","yoast_head_json":{"title":"Fleischerhandwerk - MOGUNTIA FOOD GROUP","robots":{"index":"noindex","follow":"follow","max-snippet":"max-snippet:-1","max-image-preview":"max-image-preview:large","max-video-preview":"max-video-preview:-1"},"og_locale":"de_DE","og_type":"article","og_title":"Fleischerhandwerk - MOGUNTIA FOOD GROUP","og_description":"Fleischerhandwerk Partnerschaft f\u00fcr Perfektion Unser Service Optimieren Sie Ihr Fleischerhandwerk Entdecken Sie unser umfassendes Sortiment f\u00fcr das Fleischerhandwerk, abgestimmt auf Ihre professionellen Anforderungen. Unser Portfolio umfasst hochwertige Gew\u00fcrze f\u00fcr Wurst- und Fleischwaren, feine Delikatessen, eine attraktive Thekenauswahl sowie wichtige Koch- und Funktionszutaten. Veredeln Sie Ihre Produkte mit unseren W\u00fcrzungen und optimieren Sie Prozesse mit funktionellen [&hellip;]","og_url":"https:\/\/dev.moguntia.com\/de\/fleischerhandwerk\/","og_site_name":"MOGUNTIA FOOD GROUP","article_modified_time":"2026-02-16T11:09:08+00:00","og_image":[{"width":650,"height":650,"url":"https:\/\/dev.moguntia.com\/wp-content\/uploads\/2025\/12\/Row-Salami-650x650-1.png","type":"image\/png"}],"twitter_card":"summary_large_image","twitter_misc":{"Gesch\u00e4tzte Lesezeit":"1\u00a0Minute"},"schema":{"@context":"https:\/\/schema.org","@graph":[{"@type":"WebPage","@id":"https:\/\/dev.moguntia.com\/de\/fleischerhandwerk\/","url":"https:\/\/dev.moguntia.com\/de\/fleischerhandwerk\/","name":"Fleischerhandwerk - MOGUNTIA FOOD GROUP","isPartOf":{"@id":"https:\/\/dev.moguntia.com\/#website"},"primaryImageOfPage":{"@id":"https:\/\/dev.moguntia.com\/de\/fleischerhandwerk\/#primaryimage"},"image":{"@id":"https:\/\/dev.moguntia.com\/de\/fleischerhandwerk\/#primaryimage"},"thumbnailUrl":"https:\/\/dev.moguntia.com\/wp-content\/uploads\/2025\/12\/Row-Salami-650x650-1.png","datePublished":"2024-09-06T09:13:50+00:00","dateModified":"2026-02-16T11:09:08+00:00","breadcrumb":{"@id":"https:\/\/dev.moguntia.com\/de\/fleischerhandwerk\/#breadcrumb"},"inLanguage":"de","potentialAction":[{"@type":"ReadAction","target":["https:\/\/dev.moguntia.com\/de\/fleischerhandwerk\/"]}]},{"@type":"ImageObject","inLanguage":"de","@id":"https:\/\/dev.moguntia.com\/de\/fleischerhandwerk\/#primaryimage","url":"https:\/\/dev.moguntia.com\/wp-content\/uploads\/2025\/12\/Row-Salami-650x650-1.png","contentUrl":"https:\/\/dev.moguntia.com\/wp-content\/uploads\/2025\/12\/Row-Salami-650x650-1.png"},{"@type":"BreadcrumbList","@id":"https:\/\/dev.moguntia.com\/de\/fleischerhandwerk\/#breadcrumb","itemListElement":[{"@type":"ListItem","position":1,"name":"Home","item":"https:\/\/dev.moguntia.com\/"},{"@type":"ListItem","position":2,"name":"Fleischerhandwerk"}]},{"@type":"WebSite","@id":"https:\/\/dev.moguntia.com\/#website","url":"https:\/\/dev.moguntia.com\/","name":"MOGUNTIA FOOD GROUP","description":"Taste the power of Food","publisher":{"@id":"https:\/\/dev.moguntia.com\/#organization"},"potentialAction":[{"@type":"SearchAction","target":{"@type":"EntryPoint","urlTemplate":"https:\/\/dev.moguntia.com\/?s={search_term_string}"},"query-input":{"@type":"PropertyValueSpecification","valueRequired":true,"valueName":"search_term_string"}}],"inLanguage":"de"},{"@type":"Organization","@id":"https:\/\/dev.moguntia.com\/#organization","name":"MOGUNTIA FOOD GROUP","url":"https:\/\/dev.moguntia.com\/","logo":{"@type":"ImageObject","inLanguage":"de","@id":"https:\/\/dev.moguntia.com\/#\/schema\/logo\/image\/","url":"https:\/\/dev.moguntia.com\/wp-content\/uploads\/2024\/07\/cropped-Kernlogo-MOGUNTIA-FOOD-GROUP-invert.png","contentUrl":"https:\/\/dev.moguntia.com\/wp-content\/uploads\/2024\/07\/cropped-Kernlogo-MOGUNTIA-FOOD-GROUP-invert.png","width":500,"height":142,"caption":"MOGUNTIA FOOD GROUP"},"image":{"@id":"https:\/\/dev.moguntia.com\/#\/schema\/logo\/image\/"}}]}},"_links":{"self":[{"href":"https:\/\/dev.moguntia.com\/de\/wp-json\/wp\/v2\/pages\/6902","targetHints":{"allow":["GET"]}}],"collection":[{"href":"https:\/\/dev.moguntia.com\/de\/wp-json\/wp\/v2\/pages"}],"about":[{"href":"https:\/\/dev.moguntia.com\/de\/wp-json\/wp\/v2\/types\/page"}],"author":[{"embeddable":true,"href":"https:\/\/dev.moguntia.com\/de\/wp-json\/wp\/v2\/users\/8"}],"replies":[{"embeddable":true,"href":"https:\/\/dev.moguntia.com\/de\/wp-json\/wp\/v2\/comments?post=6902"}],"version-history":[{"count":10,"href":"https:\/\/dev.moguntia.com\/de\/wp-json\/wp\/v2\/pages\/6902\/revisions"}],"predecessor-version":[{"id":8209,"href":"https:\/\/dev.moguntia.com\/de\/wp-json\/wp\/v2\/pages\/6902\/revisions\/8209"}],"wp:attachment":[{"href":"https:\/\/dev.moguntia.com\/de\/wp-json\/wp\/v2\/media?parent=6902"}],"curies":[{"name":"wp","href":"https:\/\/api.w.org\/{rel}","templated":true}]}}